{"id":649,"date":"2024-03-26T16:26:12","date_gmt":"2024-03-26T19:26:12","guid":{"rendered":"https:\/\/wise.eco.br\/en-us\/wisewood-calcos\/"},"modified":"2024-03-26T16:30:01","modified_gmt":"2024-03-26T19:30:01","slug":"wisewood-calcos","status":"publish","type":"page","link":"https:\/\/wise.eco.br\/en-us\/wisewood-calcos\/","title":{"rendered":"Wisewood &#8211; Cal\u00e7os"},"content":{"rendered":"<div id=\"cs-content\" class=\"cs-content\"><div class=\"x-section e649-e1 mi1-0 mi1-1 mi1-2 mi1-3 mi1-4\"><div class=\"x-row e649-e2 mi1-9 mi1-a mi1-b mi1-c mi1-d mi1-e mi1-f mi1-x\"><div class=\"x-row-inner\"><div class=\"x-col e649-e3 mi1-1a mi1-1b mi1-1c\"><div class=\"x-div x-hide-sm x-hide-xs e649-e4 mi1-1m mi1-1n mi1-1o mi1-1p\"><div class=\"x-div e649-e5 mi1-1m mi1-1n mi1-1q\"><span class=\"x-image e649-e6 mi1-1s\"><img decoding=\"async\" src=\"https:\/\/wise.eco.br\/en-us\/wp-content\/uploads\/wise-wood-calco-banner.png\" width=\"1019\" height=\"834\" alt=\"Image\" loading=\"lazy\"><\/span><\/div><\/div><div class=\"x-div e649-e7 mi1-1m mi1-1o mi1-1r\"><div class=\"x-row e649-e8 mi1-9 mi1-c mi1-d mi1-f mi1-g mi1-h mi1-i mi1-j mi1-y\"><div class=\"x-row-inner\"><div class=\"x-col e649-e9 mi1-1a mi1-1b mi1-1c mi1-1d\"><span class=\"x-image x-hide-lg x-hide-md x-hide-xl e649-e10 mi1-1s\"><img decoding=\"async\" src=\"https:\/\/wise.eco.br\/en-us\/wp-content\/uploads\/wise-wood-calco-banner.png\" width=\"1019\" height=\"834\" alt=\"Image\" loading=\"lazy\"><\/span><\/div><div class=\"x-col e649-e11 mi1-1a mi1-1b mi1-1e\"><div class=\"x-row e649-e13-v0 mi1-9 mi1-e mi1-f mi1-i mi1-k mi1-l mi1-m mi1-n mi1-z\"><div class=\"x-row-inner\"><div class=\"x-col e649-e13-v1 mi1-1a mi1-1b mi1-1c\"><a class=\"x-anchor x-anchor-button e649-e13-v2 mi1-1t mi1-1u mi1-1v mi1-1w\" tabindex=\"0\" href=\"https:\/\/wise.eco.br\/en-us\/wisewood-wedges\"><div class=\"x-anchor-content\"><div class=\"x-anchor-text\"><span class=\"x-anchor-text-primary\">Wedges<\/span><\/div><\/div><\/a><\/div><div class=\"x-col x-hide-lg x-hide-md x-hide-sm x-hide-xl x-hide-xs e649-e13-v4 mi1-1a mi1-1b mi1-1c\"><a class=\"x-anchor x-anchor-button e649-e13-v5 mi1-1t mi1-1u mi1-1v mi1-1w\" tabindex=\"0\" href=\"https:\/\/wise.eco.br\/en-us\/wisewood-cruzetas\/\"><div class=\"x-anchor-content\"><div class=\"x-anchor-text\"><span class=\"x-anchor-text-primary\">Cruzetas<\/span><\/div><\/div><\/a><\/div><div class=\"x-col e649-e13-v7 mi1-1a mi1-1b mi1-1c\"><a class=\"x-anchor x-anchor-button e649-e13-v8 mi1-1t mi1-1u mi1-1v mi1-1w\" tabindex=\"0\" href=\"https:\/\/wise.eco.br\/en-us\/wisewood-sleeper\"><div class=\"x-anchor-content\"><div class=\"x-anchor-text\"><span class=\"x-anchor-text-primary\">Sleeper<\/span><\/div><\/div><\/a><\/div><div class=\"x-col e649-e13-v10 mi1-1a mi1-1b mi1-1c\"><a class=\"x-anchor x-anchor-button e649-e13-v11 mi1-1t mi1-1u mi1-1v mi1-1w\" tabindex=\"0\" href=\"https:\/\/wise.eco.br\/en-us\/wisewood-level-crossing\"><div class=\"x-anchor-content\"><div class=\"x-anchor-text\"><span class=\"x-anchor-text-primary\">Level crossing<\/span><\/div><\/div><\/a><\/div><\/div><\/div><div class=\"x-text x-text-headline e649-e14 mi1-1z mi1-20 mi1-21 mi1-22 mi1-23 mi1-24\"><div class=\"x-text-content\"><div class=\"x-text-content-text\"><h1 class=\"x-text-content-text-primary\"><\/h1>\n<\/div><\/div><\/div><div class=\"x-text x-text-headline e649-e15 mi1-20 mi1-21 mi1-22 mi1-23 mi1-25 mi1-26\"><div class=\"x-text-content\"><div class=\"x-text-content-text\"><h1 class=\"x-text-content-text-primary\"><\/h1>\n<\/div><\/div><\/div><div class=\"x-text x-content e649-e16 mi1-2e mi1-2f\"><\/div><\/div><\/div><\/div><\/div><\/div><\/div><\/div><\/div><div class=\"x-section e649-e17 mi1-0 mi1-1 mi1-4 mi1-5\"><span class=\"x-separator-top-curve-in\" style=\"top: 0px; height: calc(10vw); color: #ab4a10;\" aria-hidden=\"true\"><svg class=\"curve-top-in\" style=\"fill: currentColor;\" xmlns=\"http:\/\/www.w3.org\/2000\/svg\" version=\"1.1\" viewBox=\"0 0 100 50\" preserveAspectRatio=\"none\"><path d=\"M0,0v50h50C22.4,50,0,0,0,0z\"\/><path d=\"M50,50h50V0C100,0,77.6,50,50,50z\"\/><\/svg><\/span><div class=\"x-row x-container max width e649-e18 mi1-9 mi1-d mi1-e mi1-f mi1-i mi1-l mi1-o mi1-p mi1-10 mi1-11\"><div class=\"x-row-inner\"><div class=\"x-col e649-e19 mi1-1a mi1-1b mi1-1c mi1-1f mi1-1g mi1-1h\"><div class=\"x-text x-text-headline e649-e20 mi1-22 mi1-23 mi1-24 mi1-26 mi1-27 mi1-28 mi1-29 arial-rounded\"><div class=\"x-text-content\"><div class=\"x-text-content-text\"><h1 class=\"x-text-content-text-primary\">Aplica\u00e7\u00f5es dos cal\u00e7os Wisewood<\/h1>\n<\/div><\/div><\/div><\/div><\/div><\/div><div class=\"x-row e649-e21 mi1-9 mi1-d mi1-e mi1-f mi1-g mi1-i mi1-k mi1-l mi1-p mi1-q mi1-10 mi1-12\"><div class=\"x-row-inner\"><div class=\"x-col e649-e22 mi1-1a mi1-1f mi1-1g mi1-1i\"><div class=\"x-text x-content e649-e23 mi1-2f mi1-2g\"><\/div><\/div><\/div><\/div><\/div><div class=\"x-section e649-e24 mi1-0 mi1-1 mi1-3 mi1-6 mi1-7\"><div class=\"x-row x-container max width e649-e25 mi1-9 mi1-c mi1-d mi1-e mi1-f mi1-i mi1-j mi1-r mi1-13 mi1-14\"><div class=\"x-row-inner\"><div class=\"x-col e649-e26 mi1-1a mi1-1b mi1-1c\"><div class=\"x-text x-text-headline e649-e27 mi1-22 mi1-28 mi1-29 mi1-2a mi1-2b arial-rounded\"><div class=\"x-text-content\"><div class=\"x-text-content-text\"><h1 class=\"x-text-content-text-primary\">Para saber mais sobre os cal\u00e7os Wisewood.<\/h1>\n<\/div><\/div><\/div><\/div><div class=\"x-col e649-e28 mi1-1a mi1-1b mi1-1c mi1-1f mi1-1j\"><a class=\"x-anchor x-anchor-button e649-e29 mi1-1t mi1-1w mi1-1y\" tabindex=\"0\" href=\"https:\/\/wise.eco.br\/en-us\/contato\"><div class=\"x-anchor-content\"><div class=\"x-anchor-text\"><span class=\"x-anchor-text-primary\">Fale com a gente<\/span><\/div><\/div><\/a><\/div><\/div><\/div><\/div><div class=\"x-section e649-e30-v0 mi1-0 mi1-7 mi1-8\"><div class=\"x-row x-container max width e649-e30-v1 mi1-9 mi1-c mi1-d mi1-e mi1-f mi1-i mi1-r mi1-s mi1-13 mi1-15\"><div class=\"x-row-inner\"><div class=\"x-col e649-e30-v2 mi1-1a mi1-1b mi1-1c\"><div class=\"x-text x-text-headline e649-e30-v3 mi1-20 mi1-22 mi1-2b mi1-2c mi1-2d arial-rounded\"><div class=\"x-text-content\"><div class=\"x-text-content-text\"><h1 class=\"x-text-content-text-primary\">Associations<\/h1>\n<\/div><\/div><\/div><div class=\"x-row e649-e30-v4-v0 mi1-9 mi1-a mi1-d mi1-e mi1-f mi1-i mi1-l mi1-n mi1-t mi1-u mi1-16 mi1-17\"><div class=\"x-row-inner\"><div class=\"x-col e649-e30-v4-v1 mi1-1a mi1-1b mi1-1c mi1-1f mi1-1k mi1-1l\"><div class=\"x-image e649-e30-v4-v2 mi1-1s\"><img decoding=\"async\" src=\"https:\/\/wise.eco.br\/en-us\/wp-content\/uploads\/wise-associados-1-abiplast.jpg\" alt=\"Image\" loading=\"lazy\"><\/div><\/div><div class=\"x-col e649-e30-v4-v1 mi1-1a mi1-1b mi1-1c mi1-1f mi1-1k mi1-1l\"><div class=\"x-image e649-e30-v4-v2 mi1-1s\"><img decoding=\"async\" src=\"https:\/\/wise.eco.br\/en-us\/wp-content\/uploads\/wise-associados-2-exchange.jpg\" alt=\"Image\" loading=\"lazy\"><\/div><\/div><div class=\"x-col e649-e30-v4-v1 mi1-1a mi1-1b mi1-1c mi1-1f mi1-1k mi1-1l\"><div class=\"x-image e649-e30-v4-v2 mi1-1s\"><img decoding=\"async\" src=\"https:\/\/wise.eco.br\/en-us\/wp-content\/uploads\/wise-associados-3-cnr.jpg\" alt=\"Image\" loading=\"lazy\"><\/div><\/div><div class=\"x-col e649-e30-v4-v1 mi1-1a mi1-1b mi1-1c mi1-1f mi1-1k mi1-1l\"><div class=\"x-image e649-e30-v4-v2 mi1-1s\"><img decoding=\"async\" src=\"https:\/\/wise.eco.br\/en-us\/wp-content\/uploads\/wise-associados-4-rede.jpg\" alt=\"Image\" loading=\"lazy\"><\/div><\/div><div class=\"x-col e649-e30-v4-v1 mi1-1a mi1-1b mi1-1c mi1-1f mi1-1k mi1-1l\"><div class=\"x-image e649-e30-v4-v2 mi1-1s\"><img decoding=\"async\" src=\"https:\/\/wise.eco.br\/en-us\/wp-content\/uploads\/1768856086_7a58ca_abf_001_logoslogan.png\" alt=\"Image\" loading=\"lazy\"><\/div><\/div><\/div><\/div><\/div><div class=\"x-col e649-e30-v5 mi1-1a mi1-1b mi1-1c\"><div class=\"x-text x-text-headline e649-e30-v6 mi1-22 mi1-28 mi1-2b mi1-2d arial-rounded\"><div class=\"x-text-content\"><div class=\"x-text-content-text\"><h1 class=\"x-text-content-text-primary\">Wise Certifications<\/h1>\n<\/div><\/div><\/div><div class=\"x-row e649-e30-v7 mi1-9 mi1-a mi1-d mi1-e mi1-f mi1-i mi1-l mi1-n mi1-u mi1-v mi1-16 mi1-18\"><div class=\"x-row-inner\"><div class=\"x-col e649-e30-v8 mi1-1a mi1-1b mi1-1c mi1-1f mi1-1k\"><div class=\"x-image e649-e30-v9 mi1-1s\"><img decoding=\"async\" src=\"https:\/\/wise.eco.br\/en-us\/wp-content\/uploads\/wise-associados-5-iso.jpg\" alt=\"Image\" loading=\"lazy\"><\/div><\/div><div class=\"x-col e649-e30-v8 mi1-1a mi1-1b mi1-1c mi1-1f mi1-1k\"><div class=\"x-image e649-e30-v9 mi1-1s\"><img decoding=\"async\" src=\"https:\/\/wise.eco.br\/en-us\/wp-content\/uploads\/wise-associados-6-smeta.jpg\" alt=\"Image\" loading=\"lazy\"><\/div><\/div><\/div><\/div><\/div><div class=\"x-col e649-e30-v10 mi1-1a mi1-1b mi1-1c\"><div class=\"x-text x-text-headline e649-e30-v11 mi1-22 mi1-28 mi1-2b mi1-2d arial-rounded\"><div class=\"x-text-content\"><div class=\"x-text-content-text\"><h1 class=\"x-text-content-text-primary\">Recycled Resins Certifications<\/h1>\n<\/div><\/div><\/div><div class=\"x-row e649-e30-v12 mi1-9 mi1-d mi1-e mi1-i mi1-l mi1-p mi1-v mi1-w mi1-10 mi1-19\"><div class=\"x-row-inner\"><div class=\"x-col e649-e30-v13 mi1-1a mi1-1b mi1-1c\"><span class=\"x-image e649-e30-v14 mi1-1s\"><img decoding=\"async\" src=\"https:\/\/wise.eco.br\/en-us\/wp-content\/uploads\/wise-associados-7-abiplast-1.jpg\" width=\"68\" height=\"121\" alt=\"Image\" loading=\"lazy\"><\/span><\/div><div class=\"x-col e649-e30-v15 mi1-1a mi1-1b mi1-1c\"><span class=\"x-image e649-e30-v16 mi1-1s\"><img decoding=\"async\" src=\"https:\/\/wise.eco.br\/en-us\/wp-content\/uploads\/recyclassv2.png\" width=\"270\" height=\"210\" alt=\"Image\" loading=\"lazy\"><\/span><\/div><\/div><\/div><\/div><\/div><\/div><\/div><\/div>\n","protected":false},"excerpt":{"rendered":"<p>WedgesCruzetasSleeperLevel crossing Aplica\u00e7\u00f5es dos cal\u00e7os Wisewood Para saber mais sobre os cal\u00e7os Wisewood. Fale com a genteAssociations Wise Certifications Recycled Resins Certifications<\/p>\n","protected":false},"author":1,"featured_media":0,"parent":0,"menu_order":0,"comment_status":"closed","ping_status":"closed","template":"template-blank-4.php","meta":{"_acf_changed":false,"footnotes":""},"class_list":["post-649","page","type-page","status-publish","hentry","no-post-thumbnail"],"acf":[],"_links":{"self":[{"href":"https:\/\/wise.eco.br\/en-us\/wp-json\/wp\/v2\/pages\/649","targetHints":{"allow":["GET"]}}],"collection":[{"href":"https:\/\/wise.eco.br\/en-us\/wp-json\/wp\/v2\/pages"}],"about":[{"href":"https:\/\/wise.eco.br\/en-us\/wp-json\/wp\/v2\/types\/page"}],"author":[{"embeddable":true,"href":"https:\/\/wise.eco.br\/en-us\/wp-json\/wp\/v2\/users\/1"}],"replies":[{"embeddable":true,"href":"https:\/\/wise.eco.br\/en-us\/wp-json\/wp\/v2\/comments?post=649"}],"version-history":[{"count":1,"href":"https:\/\/wise.eco.br\/en-us\/wp-json\/wp\/v2\/pages\/649\/revisions"}],"predecessor-version":[{"id":650,"href":"https:\/\/wise.eco.br\/en-us\/wp-json\/wp\/v2\/pages\/649\/revisions\/650"}],"wp:attachment":[{"href":"https:\/\/wise.eco.br\/en-us\/wp-json\/wp\/v2\/media?parent=649"}],"curies":[{"name":"wp","href":"https:\/\/api.w.org\/{rel}","templated":true}]}}